{"id":122,"date":"2026-03-03T10:40:05","date_gmt":"2026-03-03T10:40:05","guid":{"rendered":"https:\/\/elmontsimek.cz\/?page_id=122"},"modified":"2026-03-13T14:44:43","modified_gmt":"2026-03-13T14:44:43","slug":"osvedceni","status":"publish","type":"page","link":"https:\/\/elmontsimek.cz\/?page_id=122","title":{"rendered":"Osv\u011bd\u010den\u00ed"},"content":{"rendered":"\n<div class=\"wp-block-file\"><a id=\"wp-block-file--media-0e4a973d-f438-4a44-86c9-96cd7e027655\" href=\"https:\/\/elmontsimek.cz\/wp-content\/uploads\/2026\/03\/Snimek-obrazovky-2026-03-13-151407.png\">V\u00fdpis rejst\u0159\u00edku trest\u016f<\/a><a href=\"https:\/\/elmontsimek.cz\/wp-content\/uploads\/2026\/03\/Snimek-obrazovky-2026-03-13-151407.png\" class=\"wp-block-file__button wp-element-button\" download aria-describedby=\"wp-block-file--media-0e4a973d-f438-4a44-86c9-96cd7e027655\">St\u00e1hnout<\/a><\/div>\n\n\n\n<div class=\"wp-block-file\"><a id=\"wp-block-file--media-56f5d3f4-e004-4642-9a18-4aa7af9b3ffe\" href=\"https:\/\/elmontsimek.cz\/wp-content\/uploads\/2026\/03\/priloha_1621167027_0_101485-1.pdf\">TI\u010cR rozhodnut\u00ed o vyd\u00e1n\u00ed opr\u00e1vn\u011bn\u00ed<\/a><a href=\"https:\/\/elmontsimek.cz\/wp-content\/uploads\/2026\/03\/priloha_1621167027_0_101485-1.pdf\" class=\"wp-block-file__button wp-element-button\" download aria-describedby=\"wp-block-file--media-56f5d3f4-e004-4642-9a18-4aa7af9b3ffe\">St\u00e1hnout<\/a><\/div>\n\n\n\n<div class=\"wp-block-file\"><a id=\"wp-block-file--media-ae54004f-f3e3-4d67-9261-83a9da4d099b\" href=\"https:\/\/elmontsimek.cz\/wp-content\/uploads\/2026\/03\/b6e5fa8973fbf7a53fac8ae06e165246afa3581ebb32b3d21e3a090199643330.pdf\">V\u00fdpis z \u017eivnostensk\u00e9ho rejst\u0159\u00edku<\/a><a href=\"https:\/\/elmontsimek.cz\/wp-content\/uploads\/2026\/03\/b6e5fa8973fbf7a53fac8ae06e165246afa3581ebb32b3d21e3a090199643330.pdf\" class=\"wp-block-file__button wp-element-button\" download aria-describedby=\"wp-block-file--media-ae54004f-f3e3-4d67-9261-83a9da4d099b\">St\u00e1hnout<\/a><\/div>\n\n\n\n<div class=\"wp-block-file\"><a id=\"wp-block-file--media-057fb01c-cdf2-4f55-b95b-d712e8927c2b\" href=\"https:\/\/elmontsimek.cz\/wp-content\/uploads\/2026\/03\/Jakub-Simek-1.pdf\">Doklad o slo\u017een\u00ed zkou\u0161ky<\/a><a href=\"https:\/\/elmontsimek.cz\/wp-content\/uploads\/2026\/03\/Jakub-Simek-1.pdf\" class=\"wp-block-file__button wp-element-button\" download aria-describedby=\"wp-block-file--media-057fb01c-cdf2-4f55-b95b-d712e8927c2b\">St\u00e1hnout<\/a><\/div>\n\n\n\n\n\n<p><\/p>\n","protected":false},"excerpt":{"rendered":"","protected":false},"author":1,"featured_media":0,"parent":0,"menu_order":0,"comment_status":"closed","ping_status":"closed","template":"","meta":{"iawp_total_views":84,"footnotes":""},"class_list":["post-122","page","type-page","status-publish","hentry"],"_links":{"self":[{"href":"https:\/\/elmontsimek.cz\/index.php?rest_route=\/wp\/v2\/pages\/122","targetHints":{"allow":["GET"]}}],"collection":[{"href":"https:\/\/elmontsimek.cz\/index.php?rest_route=\/wp\/v2\/pages"}],"about":[{"href":"https:\/\/elmontsimek.cz\/index.php?rest_route=\/wp\/v2\/types\/page"}],"author":[{"embeddable":true,"href":"https:\/\/elmontsimek.cz\/index.php?rest_route=\/wp\/v2\/users\/1"}],"replies":[{"embeddable":true,"href":"https:\/\/elmontsimek.cz\/index.php?rest_route=%2Fwp%2Fv2%2Fcomments&post=122"}],"version-history":[{"count":5,"href":"https:\/\/elmontsimek.cz\/index.php?rest_route=\/wp\/v2\/pages\/122\/revisions"}],"predecessor-version":[{"id":145,"href":"https:\/\/elmontsimek.cz\/index.php?rest_route=\/wp\/v2\/pages\/122\/revisions\/145"}],"wp:attachment":[{"href":"https:\/\/elmontsimek.cz\/index.php?rest_route=%2Fwp%2Fv2%2Fmedia&parent=122"}],"curies":[{"name":"wp","href":"https:\/\/api.w.org\/{rel}","templated":true}]}}