{"id":14,"date":"2026-02-18T09:03:37","date_gmt":"2026-02-18T09:03:37","guid":{"rendered":"https:\/\/elmontsimek.cz\/?page_id=14"},"modified":"2026-02-18T09:03:40","modified_gmt":"2026-02-18T09:03:40","slug":"domu","status":"publish","type":"page","link":"https:\/\/elmontsimek.cz\/","title":{"rendered":"Dom\u016f"},"content":{"rendered":"<p>Zdrav\u00edme v\u00e1s! V\u00edtejte na na\u0161em webu, kde se star\u00e1me o kvalitn\u00ed instalaci wallbox\u016f a nab\u00edjen\u00ed elektromobil\u016f. Na\u0161e slu\u017eby jsou navr\u017eeny s d\u016frazem na modern\u00ed technologie a udr\u017eitelnost. R\u00e1di v\u00e1m pom\u016f\u017eeme s elektroinstalac\u00ed a zaji\u0161t\u011bn\u00edm pot\u0159ebn\u00fdch komponent\u016f pro v\u00e1\u0161 domov nebo podnik. Zjist\u011bte v\u00edce o na\u0161ich slu\u017eb\u00e1ch a nev\u00e1hejte n\u00e1s kontaktovat!<\/p>\n<h1>Instalace EV nab\u00edjen\u00ed pro v\u00e1s<\/h1>\n<p>\t\t\t\t\t\t\t\t\t\t<a href=\"#\"><br \/>\n\t\t\t\t\t\t\t\t\tZjistit v\u00edce<br \/>\n\t\t\t\t\t<\/a><br \/>\n\t\t\t\t\t\t\t\t\t\t\t\t\t\t<a href=\"#\"><br \/>\n\t\t\t\t\t\t\t\t\tObjednat<br \/>\n\t\t\t\t\t<\/a><br \/>\n\t\t\t<svg aria-hidden=\"true\" viewBox=\"0 0 576 512\" xmlns=\"http:\/\/www.w3.org\/2000\/svg\"><path d=\"M259.3 17.8L194 150.2 47.9 171.5c-26.2 3.8-36.7 36.1-17.7 54.6l105.7 103-25 145.5c-4.5 26.3 23.2 46 46.4 33.7L288 439.6l130.7 68.7c23.2 12.2 50.9-7.4 46.4-33.7l-25-145.5 105.7-103c19-18.5 8.5-50.8-17.7-54.6L382 150.2 316.7 17.8c-11.7-23.6-45.6-23.9-57.4 0z\"><\/path><\/svg>\t\t\t<\/p>\n<h2>Instalace wallbox\u016f<\/h2>\n<p>Prov\u00e1d\u00edme odbornou instalaci wallbox\u016f pro elektrick\u00e1 vozidla, abyste mohli doma pohodln\u011b a rychle dob\u00edjet. Na\u0161e slu\u017eby zahrnuj\u00ed v\u0161e od n\u00e1vrhu po uveden\u00ed do provozu.<\/p>\n<p>\t\t\t\t\t\t\t\t<a href=\"#\"><br \/>\n\t\t\t\t\t\t\t\t\tV\u00edce informac\u00ed<br \/>\n\t\t\t\t\t<\/a><br \/>\n\t\t\t<svg aria-hidden=\"true\" viewBox=\"0 0 576 512\" xmlns=\"http:\/\/www.w3.org\/2000\/svg\"><path d=\"M259.3 17.8L194 150.2 47.9 171.5c-26.2 3.8-36.7 36.1-17.7 54.6l105.7 103-25 145.5c-4.5 26.3 23.2 46 46.4 33.7L288 439.6l130.7 68.7c23.2 12.2 50.9-7.4 46.4-33.7l-25-145.5 105.7-103c19-18.5 8.5-50.8-17.7-54.6L382 150.2 316.7 17.8c-11.7-23.6-45.6-23.9-57.4 0z\"><\/path><\/svg>\t\t\t<\/p>\n<h2>EV nab\u00edjen\u00ed<\/h2>\n<p>Nab\u00edz\u00edme komplexn\u00ed \u0159e\u0161en\u00ed v oblasti EV nab\u00edjen\u00ed pro firmy a soukrom\u00e9 u\u017eivatele. Pom\u00e1h\u00e1me v\u00e1m zajistit bezprobl\u00e9mov\u00fd p\u0159\u00edstup k dob\u00edjen\u00ed va\u0161eho vozidla.<\/p>\n<p>\t\t\t\t\t\t\t\t<a href=\"#\"><br \/>\n\t\t\t\t\t\t\t\t\tZjistit v\u00edce<br \/>\n\t\t\t\t\t<\/a><br \/>\n\t\t\t<svg aria-hidden=\"true\" viewBox=\"0 0 576 512\" xmlns=\"http:\/\/www.w3.org\/2000\/svg\"><path d=\"M259.3 17.8L194 150.2 47.9 171.5c-26.2 3.8-36.7 36.1-17.7 54.6l105.7 103-25 145.5c-4.5 26.3 23.2 46 46.4 33.7L288 439.6l130.7 68.7c23.2 12.2 50.9-7.4 46.4-33.7l-25-145.5 105.7-103c19-18.5 8.5-50.8-17.7-54.6L382 150.2 316.7 17.8c-11.7-23.6-45.6-23.9-57.4 0z\"><\/path><\/svg>\t\t\t<\/p>\n<h2>Poradenstv\u00ed<\/h2>\n<p>Na\u0161i odborn\u00edci v\u00e1m poskytnou poradenstv\u00ed v oblasti elektromont\u00e1\u017ee a EV technologi\u00ed, abyste si byli jisti, \u017ee d\u011bl\u00e1te spr\u00e1vn\u00e9 rozhodnut\u00ed pro svou dom\u00e1cnost \u010di firmu.<\/p>\n<p>\t\t\t\t\t\t\t\t<a href=\"#\"><br \/>\n\t\t\t\t\t\t\t\t\tKontaktujte n\u00e1s<br \/>\n\t\t\t\t\t<\/a><br \/>\n\t\t\t<svg aria-hidden=\"true\" viewBox=\"0 0 576 512\" xmlns=\"http:\/\/www.w3.org\/2000\/svg\"><path d=\"M259.3 17.8L194 150.2 47.9 171.5c-26.2 3.8-36.7 36.1-17.7 54.6l105.7 103-25 145.5c-4.5 26.3 23.2 46 46.4 33.7L288 439.6l130.7 68.7c23.2 12.2 50.9-7.4 46.4-33.7l-25-145.5 105.7-103c19-18.5 8.5-50.8-17.7-54.6L382 150.2 316.7 17.8c-11.7-23.6-45.6-23.9-57.4 0z\"><\/path><\/svg>\t\t\t<\/p>\n<h2>\u00dadr\u017eba za\u0159\u00edzen\u00ed<\/h2>\n<p>Aby va\u0161e za\u0159\u00edzen\u00ed fungovalo bezchybn\u011b, nab\u00edz\u00edme pravidelnou \u00fadr\u017ebu a revize. Postar\u00e1me se o to, aby v\u0161e fungovalo tak, jak m\u00e1.<\/p>\n<p>\t\t\t\t\t\t\t\t<a href=\"#\"><br \/>\n\t\t\t\t\t\t\t\t\tZjistit v\u00edce<br \/>\n\t\t\t\t\t<\/a><br \/>\n\t\t\t<svg aria-hidden=\"true\" viewBox=\"0 0 576 512\" xmlns=\"http:\/\/www.w3.org\/2000\/svg\"><path d=\"M259.3 17.8L194 150.2 47.9 171.5c-26.2 3.8-36.7 36.1-17.7 54.6l105.7 103-25 145.5c-4.5 26.3 23.2 46 46.4 33.7L288 439.6l130.7 68.7c23.2 12.2 50.9-7.4 46.4-33.7l-25-145.5 105.7-103c19-18.5 8.5-50.8-17.7-54.6L382 150.2 316.7 17.8c-11.7-23.6-45.6-23.9-57.4 0z\"><\/path><\/svg>\t\t\t<\/p>\n<h2>Instalace sol\u00e1rn\u00edch panel\u016f<\/h2>\n<p>Pom\u00e1h\u00e1me v\u00e1m p\u0159ej\u00edt na zelenou energii. Na\u0161e slu\u017eby zahrnuj\u00ed instalaci sol\u00e1rn\u00edch panel\u016f s d\u016frazem na efektivn\u00ed vyu\u017eit\u00ed obnoviteln\u00fdch zdroj\u016f energie.<\/p>\n<p>\t\t\t\t\t\t\t\t<a href=\"#\"><br \/>\n\t\t\t\t\t\t\t\t\tV\u00edce informac\u00ed<br \/>\n\t\t\t\t\t<\/a><br \/>\n\t\t\t<svg aria-hidden=\"true\" viewBox=\"0 0 576 512\" xmlns=\"http:\/\/www.w3.org\/2000\/svg\"><path d=\"M259.3 17.8L194 150.2 47.9 171.5c-26.2 3.8-36.7 36.1-17.7 54.6l105.7 103-25 145.5c-4.5 26.3 23.2 46 46.4 33.7L288 439.6l130.7 68.7c23.2 12.2 50.9-7.4 46.4-33.7l-25-145.5 105.7-103c19-18.5 8.5-50.8-17.7-54.6L382 150.2 316.7 17.8c-11.7-23.6-45.6-23.9-57.4 0z\"><\/path><\/svg>\t\t\t<\/p>\n<h2>Z\u00e1kaznick\u00e1 podpora<\/h2>\n<p>Jsme tu pro v\u00e1s. Na\u0161e z\u00e1kaznick\u00e1 podpora nab\u00edz\u00ed rady a asistenci, abyste mohli vyu\u017e\u00edvat na\u0161e slu\u017eby naplno.<\/p>\n<p>\t\t\t\t\t\t\t\t<a href=\"#\"><br \/>\n\t\t\t\t\t\t\t\t\tOdpov\u011bdi na dotazy<br \/>\n\t\t\t\t\t<\/a><\/p>\n<h5>Vzkaz od n\u00e1s<\/h5>\n<h2>Recenze na\u0161ich z\u00e1kazn\u00edk\u016f<\/h2>\n<h2>Pot\u0159ebujete odborn\u00e9 elektroinstalace?<\/h2>\n<p>Jsme tu pro v\u00e1s, abychom v\u00e1m usnadnili cestu k instalaci wallbox\u016f a EV nab\u00edjen\u00ed. Chcete se s n\u00e1mi spojit? Klikn\u011bte na tla\u010d\u00edtko n\u00ed\u017ee a jednodu\u0161e objednejte na\u0161e slu\u017eby.<\/p>\n<p>\t\t\t\t\t\t\t\t<a href=\"#\"><br \/>\n\t\t\t\t\t\t\t\t\tKontaktujte n\u00e1s<br \/>\n\t\t\t\t\t<\/a><br \/>\n\t\t\t\t\t\t\t\t\t\t\t\t\t\t\t\t\t\t\t<img loading=\"lazy\" decoding=\"async\" width=\"1024\" height=\"576\" src=\"https:\/\/elmontsimek.cz\/wp-content\/uploads\/2026\/02\/wireframe-img-1024x576.png\" alt=\"\" srcset=\"https:\/\/elmontsimek.cz\/wp-content\/uploads\/2026\/02\/wireframe-img-1024x576.png 1024w, https:\/\/elmontsimek.cz\/wp-content\/uploads\/2026\/02\/wireframe-img-300x169.png 300w, https:\/\/elmontsimek.cz\/wp-content\/uploads\/2026\/02\/wireframe-img-768x432.png 768w, https:\/\/elmontsimek.cz\/wp-content\/uploads\/2026\/02\/wireframe-img-1536x864.png 1536w, https:\/\/elmontsimek.cz\/wp-content\/uploads\/2026\/02\/wireframe-img.png 1920w\" sizes=\"auto, (max-width: 1024px) 100vw, 1024px\" \/>\t\t\t\t\t\t\t\t\t\t\t\t\t\t\t\t\t\t\t\t\t\t\t\t\t\t<img loading=\"lazy\" decoding=\"async\" width=\"1024\" height=\"576\" src=\"https:\/\/elmontsimek.cz\/wp-content\/uploads\/2026\/02\/wireframe-img-1024x576.png\" alt=\"\" srcset=\"https:\/\/elmontsimek.cz\/wp-content\/uploads\/2026\/02\/wireframe-img-1024x576.png 1024w, https:\/\/elmontsimek.cz\/wp-content\/uploads\/2026\/02\/wireframe-img-300x169.png 300w, https:\/\/elmontsimek.cz\/wp-content\/uploads\/2026\/02\/wireframe-img-768x432.png 768w, https:\/\/elmontsimek.cz\/wp-content\/uploads\/2026\/02\/wireframe-img-1536x864.png 1536w, https:\/\/elmontsimek.cz\/wp-content\/uploads\/2026\/02\/wireframe-img.png 1920w\" sizes=\"auto, (max-width: 1024px) 100vw, 1024px\" \/>\t\t\t\t\t\t\t\t\t\t\t\t\t\t\t\t<\/p>\n<h1>Na\u0161e mise<\/h1>\n<p>\t\tNa\u0161\u00edm c\u00edlem je poskytovat kvalitn\u00ed elektroinstalace a mont\u00e1\u017ee zam\u011b\u0159en\u00e9 na EV nab\u00edjen\u00ed. Chceme, aby ka\u017ed\u00fd m\u011bl snadn\u00fd p\u0159\u00edstup k modern\u00ed energii a na\u0161im slu\u017eb\u00e1m. Usilujeme o to, aby byl ka\u017ed\u00fd projekt pohodln\u00fd a efektivn\u00ed, p\u0159i\u010dem\u017e na prvn\u00edm m\u00edst\u011b stav\u00edme pot\u0159eby na\u0161ich z\u00e1kazn\u00edk\u016f.\t\t\t<\/p>\n<h2>Na\u0161e z\u00e1ruky kvality<\/h2>\n<p>\t\t\t\t<svg aria-hidden=\"true\" viewBox=\"0 0 512 512\" xmlns=\"http:\/\/www.w3.org\/2000\/svg\"><path d=\"M466.5 83.7l-192-80a48.15 48.15 0 0 0-36.9 0l-192 80C27.7 91.1 16 108.6 16 128c0 198.5 114.5 335.7 221.5 380.3 11.8 4.9 25.1 4.9 36.9 0C360.1 472.6 496 349.3 496 128c0-19.4-11.7-36.9-29.5-44.3zM256.1 446.3l-.1-381 175.9 73.3c-3.3 151.4-82.1 261.1-175.8 307.7z\"><\/path><\/svg>\t\t\t\t<\/p>\n<h4>\n\t\t\t\t\t\t\tKvalitn\u00ed materi\u00e1ly<br \/>\n\t\t\t\t\t<\/h4>\n<p>\t\t\t\t<svg aria-hidden=\"true\" viewBox=\"0 0 512 512\" xmlns=\"http:\/\/www.w3.org\/2000\/svg\"><path d=\"M466.5 83.7l-192-80a48.15 48.15 0 0 0-36.9 0l-192 80C27.7 91.1 16 108.6 16 128c0 198.5 114.5 335.7 221.5 380.3 11.8 4.9 25.1 4.9 36.9 0C360.1 472.6 496 349.3 496 128c0-19.4-11.7-36.9-29.5-44.3zM256.1 446.3l-.1-381 175.9 73.3c-3.3 151.4-82.1 261.1-175.8 307.7z\"><\/path><\/svg>\t\t\t\t<\/p>\n<h4>\n\t\t\t\t\t\t\tZku\u0161en\u00fd t\u00fdm odborn\u00edk\u016f<br \/>\n\t\t\t\t\t<\/h4>\n<p>\t\t\t\t<svg aria-hidden=\"true\" viewBox=\"0 0 512 512\" xmlns=\"http:\/\/www.w3.org\/2000\/svg\"><path d=\"M466.5 83.7l-192-80a48.15 48.15 0 0 0-36.9 0l-192 80C27.7 91.1 16 108.6 16 128c0 198.5 114.5 335.7 221.5 380.3 11.8 4.9 25.1 4.9 36.9 0C360.1 472.6 496 349.3 496 128c0-19.4-11.7-36.9-29.5-44.3zM256.1 446.3l-.1-381 175.9 73.3c-3.3 151.4-82.1 261.1-175.8 307.7z\"><\/path><\/svg>\t\t\t\t<\/p>\n<h4>\n\t\t\t\t\t\t\tRychl\u00fd servis a instalace<br \/>\n\t\t\t\t\t<\/h4>\n<p>\t\t\t\t<svg aria-hidden=\"true\" viewBox=\"0 0 512 512\" xmlns=\"http:\/\/www.w3.org\/2000\/svg\"><path d=\"M466.5 83.7l-192-80a48.15 48.15 0 0 0-36.9 0l-192 80C27.7 91.1 16 108.6 16 128c0 198.5 114.5 335.7 221.5 380.3 11.8 4.9 25.1 4.9 36.9 0C360.1 472.6 496 349.3 496 128c0-19.4-11.7-36.9-29.5-44.3zM256.1 446.3l-.1-381 175.9 73.3c-3.3 151.4-82.1 261.1-175.8 307.7z\"><\/path><\/svg>\t\t\t\t<\/p>\n<h4>\n\t\t\t\t\t\t\tSpokojenost zaru\u010dena<br \/>\n\t\t\t\t\t<\/h4>\n","protected":false},"excerpt":{"rendered":"<p>Zdrav\u00edme v\u00e1s! V\u00edtejte na na\u0161em webu, kde se star\u00e1me o kvalitn\u00ed instalaci wallbox\u016f a nab\u00edjen\u00ed elektromobil\u016f. Na\u0161e slu\u017eby jsou navr\u017eeny s d\u016frazem na modern\u00ed technologie a udr\u017eitelnost. R\u00e1di v\u00e1m pom\u016f\u017eeme s elektroinstalac\u00ed a zaji\u0161t\u011bn\u00edm pot\u0159ebn\u00fdch komponent\u016f pro v\u00e1\u0161 domov nebo podnik. Zjist\u011bte v\u00edce o na\u0161ich slu\u017eb\u00e1ch a nev\u00e1hejte n\u00e1s kontaktovat! Instalace EV nab\u00edjen\u00ed pro v\u00e1s [&hellip;]<\/p>\n","protected":false},"author":1,"featured_media":0,"parent":0,"menu_order":0,"comment_status":"closed","ping_status":"closed","template":"","meta":{"iawp_total_views":965,"footnotes":""},"class_list":["post-14","page","type-page","status-publish","hentry"],"_links":{"self":[{"href":"https:\/\/elmontsimek.cz\/index.php?rest_route=\/wp\/v2\/pages\/14","targetHints":{"allow":["GET"]}}],"collection":[{"href":"https:\/\/elmontsimek.cz\/index.php?rest_route=\/wp\/v2\/pages"}],"about":[{"href":"https:\/\/elmontsimek.cz\/index.php?rest_route=\/wp\/v2\/types\/page"}],"author":[{"embeddable":true,"href":"https:\/\/elmontsimek.cz\/index.php?rest_route=\/wp\/v2\/users\/1"}],"replies":[{"embeddable":true,"href":"https:\/\/elmontsimek.cz\/index.php?rest_route=%2Fwp%2Fv2%2Fcomments&post=14"}],"version-history":[{"count":1,"href":"https:\/\/elmontsimek.cz\/index.php?rest_route=\/wp\/v2\/pages\/14\/revisions"}],"predecessor-version":[{"id":21,"href":"https:\/\/elmontsimek.cz\/index.php?rest_route=\/wp\/v2\/pages\/14\/revisions\/21"}],"wp:attachment":[{"href":"https:\/\/elmontsimek.cz\/index.php?rest_route=%2Fwp%2Fv2%2Fmedia&parent=14"}],"curies":[{"name":"wp","href":"https:\/\/api.w.org\/{rel}","templated":true}]}}